{"id":30,"date":"2024-06-08T17:24:10","date_gmt":"2024-06-08T17:24:10","guid":{"rendered":"https:\/\/pastiche51.fr\/?page_id=30"},"modified":"2024-09-23T08:50:25","modified_gmt":"2024-09-23T08:50:25","slug":"videos-de-concerts","status":"publish","type":"page","link":"https:\/\/pastiche51.fr\/?page_id=30","title":{"rendered":"Contact"},"content":{"rendered":"\n<div class=\"wp-block-group alignfull has-accent-background-color has-background has-global-padding is-layout-constrained wp-container-core-group-is-layout-669513ed wp-block-group-is-layout-constrained\" style=\"margin-top:0;margin-bottom:0;padding-top:var(--wp--preset--spacing--50);padding-right:var(--wp--preset--spacing--50);padding-bottom:var(--wp--preset--spacing--50);padding-left:var(--wp--preset--spacing--50)\">\n<div class=\"wp-block-columns alignwide is-layout-flex wp-container-core-columns-is-layout-1da03c2a wp-block-columns-is-layout-flex\">\n<div class=\"wp-block-column is-vertically-aligned-stretch is-layout-flow wp-block-column-is-layout-flow\" style=\"flex-basis:50%\">\n<div class=\"wp-block-group is-vertical is-content-justification-stretch is-layout-flex wp-container-core-group-is-layout-444d5ee8 wp-block-group-is-layout-flex\" style=\"min-height:100%\">\n<figure class=\"wp-block-image size-full is-resized\"><img decoding=\"async\" width=\"297\" height=\"47\" src=\"https:\/\/pastiche51.fr\/wp-content\/uploads\/2024\/06\/adresse-pastiche.jpg\" alt=\"\" class=\"wp-image-141\" style=\"width:213px;height:auto\"\/><\/figure>\n\n\n\n<p>T\u00e9l\u00e9phone : 06 03 93 36 82     T\u00e9l\u00e9phone : 06 60 94 48 81<\/p>\n\n\n\n<figure class=\"wp-block-image size-large\"><img fetchpriority=\"high\" decoding=\"async\" width=\"1024\" height=\"521\" src=\"https:\/\/pastiche51.fr\/wp-content\/uploads\/2024\/07\/2023-09-Supercafoutch-Talu-2-1024x521.jpg\" alt=\"\" class=\"wp-image-328\" srcset=\"https:\/\/pastiche51.fr\/wp-content\/uploads\/2024\/07\/2023-09-Supercafoutch-Talu-2-1024x521.jpg 1024w, https:\/\/pastiche51.fr\/wp-content\/uploads\/2024\/07\/2023-09-Supercafoutch-Talu-2-300x153.jpg 300w, https:\/\/pastiche51.fr\/wp-content\/uploads\/2024\/07\/2023-09-Supercafoutch-Talu-2-768x391.jpg 768w, https:\/\/pastiche51.fr\/wp-content\/uploads\/2024\/07\/2023-09-Supercafoutch-Talu-2-1536x782.jpg 1536w, https:\/\/pastiche51.fr\/wp-content\/uploads\/2024\/07\/2023-09-Supercafoutch-Talu-2-2048x1042.jpg 2048w\" sizes=\"(max-width: 1024px) 100vw, 1024px\" \/><\/figure>\n\n\n\n<p>POUR SUIVRE L&rsquo;ACTUALITE DU GROUPE:<\/p>\n\n\n\n<ul class=\"wp-block-list\">\n<li>MAIL: Nous envoyer votre adresse par mail pour \u00eatre inscrit sur la liste de diffusion<\/li>\n\n\n\n<li>TELEGRAM : <a href=\"http:\/\/t.me\/+nSe3VNHcZnZkZDI0\">inscription sur le fil<\/a> <\/li>\n\n\n\n<li>FACEBOOK : <\/li>\n\n\n\n<li>PAR PIGEON VOYAGEUR : d\u00e9poser votre volatil dans le box 51 du Locker Amazon du vieux port<\/li>\n<\/ul>\n<\/div>\n<\/div>\n\n\n\n<div class=\"wp-block-column is-vertically-aligned-center is-layout-flow wp-block-column-is-layout-flow\" style=\"flex-basis:50%\"><\/div>\n<\/div>\n<\/div>\n\n\n\n<p><\/p>\n","protected":false},"excerpt":{"rendered":"<p>T\u00e9l\u00e9phone : 06 03 93 36 82 T\u00e9l\u00e9phone : 06 60 94 48 81 POUR SUIVRE L&rsquo;ACTUALITE DU GROUPE:<\/p>\n","protected":false},"author":3,"featured_media":0,"parent":0,"menu_order":0,"comment_status":"closed","ping_status":"closed","template":"","meta":{"footnotes":""},"class_list":["post-30","page","type-page","status-publish","hentry"],"_links":{"self":[{"href":"https:\/\/pastiche51.fr\/index.php?rest_route=\/wp\/v2\/pages\/30","targetHints":{"allow":["GET"]}}],"collection":[{"href":"https:\/\/pastiche51.fr\/index.php?rest_route=\/wp\/v2\/pages"}],"about":[{"href":"https:\/\/pastiche51.fr\/index.php?rest_route=\/wp\/v2\/types\/page"}],"author":[{"embeddable":true,"href":"https:\/\/pastiche51.fr\/index.php?rest_route=\/wp\/v2\/users\/3"}],"replies":[{"embeddable":true,"href":"https:\/\/pastiche51.fr\/index.php?rest_route=%2Fwp%2Fv2%2Fcomments&post=30"}],"version-history":[{"count":5,"href":"https:\/\/pastiche51.fr\/index.php?rest_route=\/wp\/v2\/pages\/30\/revisions"}],"predecessor-version":[{"id":382,"href":"https:\/\/pastiche51.fr\/index.php?rest_route=\/wp\/v2\/pages\/30\/revisions\/382"}],"wp:attachment":[{"href":"https:\/\/pastiche51.fr\/index.php?rest_route=%2Fwp%2Fv2%2Fmedia&parent=30"}],"curies":[{"name":"wp","href":"https:\/\/api.w.org\/{rel}","templated":true}]}}