{"id":337,"date":"2024-09-03T09:06:06","date_gmt":"2024-09-03T09:06:06","guid":{"rendered":"https:\/\/pastiche51.fr\/?page_id=337"},"modified":"2025-09-17T08:19:49","modified_gmt":"2025-09-17T08:19:49","slug":"actualite-du-groupe","status":"publish","type":"page","link":"https:\/\/pastiche51.fr\/?page_id=337","title":{"rendered":"Actualit\u00e9 du groupe"},"content":{"rendered":"\n<blockquote class=\"wp-block-quote is-layout-flow wp-block-quote-is-layout-flow\">\n<h5 class=\"wp-block-heading\">Prochain concert:<\/h5>\n<\/blockquote>\n\n\n\n<p><strong>Manif et Gr\u00e8ve du 18 septembre<\/strong> Camion de SUD SOLIDAIRES  Vieux port \u00e0 10h30 <\/p>\n\n\n\n<figure class=\"wp-block-image size-full\"><img decoding=\"async\" width=\"250\" height=\"125\" src=\"https:\/\/pastiche51.fr\/wp-content\/uploads\/2025\/09\/Logo_Union_syndicale_Solidaires.svg.png\" alt=\"\" class=\"wp-image-422\"\/><\/figure>\n\n\n\n<hr class=\"wp-block-separator has-alpha-channel-opacity\"\/>\n\n\n\n<blockquote class=\"wp-block-quote is-layout-flow wp-block-quote-is-layout-flow\">\n<p><strong>Derniers concerts<\/strong><\/p>\n<\/blockquote>\n\n\n\n<p><strong>13 septembre 2025 <\/strong>F\u00eate des 5 ans de la BASE, Marseille<\/p>\n\n\n\n<p><strong>12 juin 2025<\/strong> BASE, Marseille<\/p>\n\n\n\n<p><strong>1 Mai 2025:<\/strong> f\u00eate de SUD SOLIDAIRES &#8211; boulevard Longchamp<\/p>\n\n\n\n<p><strong>20 avril 2025: <\/strong>Huit pillards &#8211; Assembl\u00e9e des rebelles XR (Extension Rebellion)<\/p>\n\n\n\n<p><strong>4 octobre 2024, 20h45<\/strong>: Cit\u00e9e des Possibles &#8211; Arriv\u00e9e du Tour Alternatiba, Square L\u00e9on Blum, Marseille<\/p>\n\n\n\n<p><strong>12 octobre 2024<\/strong>, <strong>18h<\/strong> : F\u00eate de quartier des Chartreux 2024 (INFINITESIMALE) Place des Chartreux, Marseille<\/p>\n\n\n\n<p><strong>17 octobre 2024<\/strong> <strong>20h30<\/strong> : F\u00eate de SUD SOLIDAIRE Marseille 29 boulevard Longchamp 13001 Marseille<\/p>\n\n\n\n<p><\/p>\n\n\n\n<p><\/p>\n","protected":false},"excerpt":{"rendered":"<p>Prochain concert: Manif et Gr\u00e8ve du 18 septembre Camion de SUD SOLIDAIRES Vieux port \u00e0 10h30 Derniers concerts 13 septembre 2025 F\u00eate des 5 ans de la BASE, Marseille 12 juin 2025 BASE, Marseille 1 Mai 2025: f\u00eate de SUD SOLIDAIRES &#8211; boulevard Longchamp 20 avril 2025: Huit pillards &#8211; Assembl\u00e9e des rebelles XR (Extension [&hellip;]<\/p>\n","protected":false},"author":3,"featured_media":0,"parent":0,"menu_order":0,"comment_status":"closed","ping_status":"closed","template":"","meta":{"footnotes":""},"class_list":["post-337","page","type-page","status-publish","hentry"],"_links":{"self":[{"href":"https:\/\/pastiche51.fr\/index.php?rest_route=\/wp\/v2\/pages\/337","targetHints":{"allow":["GET"]}}],"collection":[{"href":"https:\/\/pastiche51.fr\/index.php?rest_route=\/wp\/v2\/pages"}],"about":[{"href":"https:\/\/pastiche51.fr\/index.php?rest_route=\/wp\/v2\/types\/page"}],"author":[{"embeddable":true,"href":"https:\/\/pastiche51.fr\/index.php?rest_route=\/wp\/v2\/users\/3"}],"replies":[{"embeddable":true,"href":"https:\/\/pastiche51.fr\/index.php?rest_route=%2Fwp%2Fv2%2Fcomments&post=337"}],"version-history":[{"count":5,"href":"https:\/\/pastiche51.fr\/index.php?rest_route=\/wp\/v2\/pages\/337\/revisions"}],"predecessor-version":[{"id":423,"href":"https:\/\/pastiche51.fr\/index.php?rest_route=\/wp\/v2\/pages\/337\/revisions\/423"}],"wp:attachment":[{"href":"https:\/\/pastiche51.fr\/index.php?rest_route=%2Fwp%2Fv2%2Fmedia&parent=337"}],"curies":[{"name":"wp","href":"https:\/\/api.w.org\/{rel}","templated":true}]}}