{"id":7,"date":"2024-06-05T16:58:03","date_gmt":"2024-06-05T16:58:03","guid":{"rendered":"https:\/\/pastiche51.fr\/?page_id=7"},"modified":"2024-07-18T12:00:45","modified_gmt":"2024-07-18T12:00:45","slug":"test","status":"publish","type":"page","link":"https:\/\/pastiche51.fr\/?page_id=7","title":{"rendered":"PASTICHE 51 ?"},"content":{"rendered":"\n<p>Comme en son temps FO est n\u00e9 \u00e0 Marseille d\u2019un financement des services secrets des \u00c9tats Unis, il semble que le groupe Pastiche 51 soit lui aussi n\u00e9 de la volont\u00e9 de la CIA et du Mossad r\u00e9unis gr\u00e2ce \u00e0 des fonds secrets domicili\u00e9s \u00e0 la banque du Vatican sur le compte de Mohamed Ben Salman, prince h\u00e9ritier d\u2019Arabie Saoudite ; cependant d\u2019aucuns racontent que Pastiche 51 serait plut\u00f4t le fruit d\u2019une exp\u00e9rience sur des cobayes humains, ayant d\u00e9rap\u00e9, dans un laboratoire secret de Wuhan en Chine ; d\u2019autre encore penchent pour une rencontre de traders d\u00e9s\u0153uvr\u00e9s au fond d\u2019une arri\u00e8re salle d\u2019un restaurant \u00e0 fondue de fromages suisses aux truffes lors d\u2019un sommet de Davos, traders qui ayant \u00e9clus\u00e9 tout le Ruinart et sniff\u00e9 toute la coke disponible auraient jet\u00e9s les premi\u00e8res bases (mesures et paroles) du groupe sur la nappe en dentelle de la table.<\/p>\n\n\n\n<p>Les personnes les mieux inform\u00e9es s\u2019accordent surtout pour dire que ces gens ne sont pas l\u00e0 pour rigoler. Ielles sont investi.e.s d\u2019une mission \u2013 musicale \u2013 afin de convertir le monde \u00e0 encore plus de SSC (sacro sainte croissance) et de pieds essuy\u00e9s sur le climat, sur la biodiversit\u00e9, sur l\u2019environnement et sur les droits sociaux\u2026 ou l\u2019inverse, avec Pastiche 51, on est jamais s\u00fbr de rien.<\/p>\n\n\n\n<p>Il aurait aussi pu \u00eatre \u00e9crit ici engagement citoyen, \u00e9ducation populaire, transformation sociale, Politique au sens noble du terme, artivisme, mais en fait il est pr\u00e9f\u00e9rable de s\u2019en mettre plein la ruche et plein les fouilles avant que notre monde ne sombre d\u00e9finitivement, non ?<\/p>\n\n\n\n<p>Au final et pour r\u00e9sumer l\u2019exp\u00e9rience Pastiche 51, \u00e7a joue de la musique, \u00e7a chante, \u00e7a fait des jeux de mots plus ou moins r\u00e9ussis \u2026 et tout \u00e7a, si vous voulez les faire jouer par chez vous, pour pas cher, ce qui ne g\u00e2te rien en ces temps d\u2019aust\u00e9rit\u00e9 qui ne dit pas son nom.<\/p>\n\n\n\n<p><\/p>\n\n\n\n<p><\/p>\n","protected":false},"excerpt":{"rendered":"<p>Comme en son temps FO est n\u00e9 \u00e0 Marseille d\u2019un financement des services secrets des \u00c9tats Unis, il semble que le groupe Pastiche 51 soit lui aussi n\u00e9 de la volont\u00e9 de la CIA et du Mossad r\u00e9unis gr\u00e2ce \u00e0 des fonds secrets domicili\u00e9s \u00e0 la banque du Vatican sur le compte de Mohamed Ben [&hellip;]<\/p>\n","protected":false},"author":1,"featured_media":0,"parent":0,"menu_order":0,"comment_status":"closed","ping_status":"closed","template":"","meta":{"footnotes":""},"class_list":["post-7","page","type-page","status-publish","hentry"],"_links":{"self":[{"href":"https:\/\/pastiche51.fr\/index.php?rest_route=\/wp\/v2\/pages\/7","targetHints":{"allow":["GET"]}}],"collection":[{"href":"https:\/\/pastiche51.fr\/index.php?rest_route=\/wp\/v2\/pages"}],"about":[{"href":"https:\/\/pastiche51.fr\/index.php?rest_route=\/wp\/v2\/types\/page"}],"author":[{"embeddable":true,"href":"https:\/\/pastiche51.fr\/index.php?rest_route=\/wp\/v2\/users\/1"}],"replies":[{"embeddable":true,"href":"https:\/\/pastiche51.fr\/index.php?rest_route=%2Fwp%2Fv2%2Fcomments&post=7"}],"version-history":[{"count":5,"href":"https:\/\/pastiche51.fr\/index.php?rest_route=\/wp\/v2\/pages\/7\/revisions"}],"predecessor-version":[{"id":327,"href":"https:\/\/pastiche51.fr\/index.php?rest_route=\/wp\/v2\/pages\/7\/revisions\/327"}],"wp:attachment":[{"href":"https:\/\/pastiche51.fr\/index.php?rest_route=%2Fwp%2Fv2%2Fmedia&parent=7"}],"curies":[{"name":"wp","href":"https:\/\/api.w.org\/{rel}","templated":true}]}}